{"id":2994,"date":"2025-07-04T02:11:32","date_gmt":"2025-07-04T02:11:32","guid":{"rendered":"https:\/\/services.wiskomedia.com\/?page_id=2994"},"modified":"2025-07-04T02:37:56","modified_gmt":"2025-07-04T02:37:56","slug":"jobs","status":"publish","type":"page","link":"https:\/\/services.wiskomedia.com\/fr\/jobs\/","title":{"rendered":"Carri\u00e8res"},"content":{"rendered":"<div data-elementor-type=\"wp-post\" data-elementor-id=\"2994\" class=\"elementor elementor-2994\">\n\t\t\t\t<div class=\"elementor-element elementor-element-f0b3181 e-flex e-con-boxed elementor-invisible e-con e-parent\" data-id=\"f0b3181\" data-element_type=\"container\" data-e-type=\"container\" data-settings=\"{&quot;background_background&quot;:&quot;classic&quot;,&quot;animation&quot;:&quot;fadeIn&quot;}\">\n\t\t\t\t\t<div class=\"e-con-inner\">\n\t\t<div class=\"elementor-element elementor-element-b17abf7 e-con-full e-flex e-con e-child\" data-id=\"b17abf7\" data-element_type=\"container\" data-e-type=\"container\">\n\t\t\t\t<div class=\"elementor-element elementor-element-6878345 elementor-widget elementor-widget-heading\" data-id=\"6878345\" data-element_type=\"widget\" data-e-type=\"widget\" data-widget_type=\"heading.default\">\n\t\t\t\t<div class=\"elementor-widget-container\">\n\t\t\t\t\t<h1 class=\"elementor-heading-title elementor-size-default\">Carri\u00e8res<\/h1>\t\t\t\t<\/div>\n\t\t\t\t<\/div>\n\t\t\t\t<div class=\"elementor-element elementor-element-9341fe9 elementor-widget elementor-widget-heading\" data-id=\"9341fe9\" data-element_type=\"widget\" data-e-type=\"widget\" data-widget_type=\"heading.default\">\n\t\t\t\t<div class=\"elementor-widget-container\">\n\t\t\t\t\t<h4 class=\"elementor-heading-title elementor-size-default\">Social Media Content Manager<\/h4>\t\t\t\t<\/div>\n\t\t\t\t<\/div>\n\t\t\t\t<div class=\"elementor-element elementor-element-3e7b7d8 elementor-widget elementor-widget-text-editor\" data-id=\"3e7b7d8\" data-element_type=\"widget\" data-e-type=\"widget\" data-widget_type=\"text-editor.default\">\n\t\t\t\t<div class=\"elementor-widget-container\">\n\t\t\t\t\t\t\t\t\t<p data-start=\"231\" data-end=\"566\">Wisko Media est une soci\u00e9t\u00e9 cr\u00e9ative sp\u00e9cialis\u00e9e dans le design de marque et la gestion des r\u00e9seaux sociaux. Nous aidons les entreprises et les cr\u00e9ateurs \u00e0 amplifier leur voix et \u00e0 engager leurs audiences gr\u00e2ce \u00e0 des r\u00e9cits digitaux percutants et des contenus visuels professionnels.<\/p>\t\t\t\t\t\t\t\t<\/div>\n\t\t\t\t<\/div>\n\t\t\t\t<\/div>\n\t\t\t\t\t<\/div>\n\t\t\t\t<\/div>\n\t\t<div class=\"elementor-element elementor-element-54c3575 e-flex e-con-boxed e-con e-parent\" data-id=\"54c3575\" data-element_type=\"container\" data-e-type=\"container\" data-settings=\"{&quot;background_background&quot;:&quot;classic&quot;}\">\n\t\t\t\t\t<div class=\"e-con-inner\">\n\t\t<div class=\"elementor-element elementor-element-f2f9baf e-con-full e-flex e-con e-child\" data-id=\"f2f9baf\" data-element_type=\"container\" data-e-type=\"container\">\n\t\t\t\t<div class=\"elementor-element elementor-element-2bca8e8 elementor-widget elementor-widget-text-editor\" data-id=\"2bca8e8\" data-element_type=\"widget\" data-e-type=\"widget\" data-widget_type=\"text-editor.default\">\n\t\t\t\t<div class=\"elementor-widget-container\">\n\t\t\t\t\t\t\t\t\t<h3 data-start=\"68\" data-end=\"119\">Description du poste :\u00a0<\/h3><p data-start=\"120\" data-end=\"312\"><strong data-start=\"120\" data-end=\"133\">Lieu :<\/strong> T\u00e9l\u00e9travail \/ Flexible<br data-start=\"151\" data-end=\"154\" \/><strong data-start=\"154\" data-end=\"163\">Type :<\/strong> Temps partiel \/ Temps plein (selon la charge de travail)<br data-start=\"209\" data-end=\"212\" \/><strong data-start=\"212\" data-end=\"227\">Rattachement :<\/strong> Producteur Wisko Media (James)<br data-start=\"256\" data-end=\"259\" \/><strong data-start=\"259\" data-end=\"281\">Collaboration : Responsable Design et \u00e9quipe design<\/strong> Head of Design and Design Team<\/p><hr data-start=\"589\" data-end=\"592\" \/><h4 data-start=\"594\" data-end=\"614\">Description du poste<\/h4><p data-start=\"615\" data-end=\"984\">Le Responsable Contenu R\u00e9seaux Sociaux est le cr\u00e9ateur et gestionnaire strat\u00e9gique de contenu charg\u00e9 de d\u00e9velopper des id\u00e9es de contenu engageantes, de r\u00e9diger des briefs cr\u00e9atifs clairs et de g\u00e9rer le calendrier \u00e9ditorial. Ce poste se concentre sur la planification du contenu, la narration et l\u2019engagement de l\u2019audience, en collaboration \u00e9troite avec le Responsable Design qui r\u00e9alise les visuels.<\/p><hr data-start=\"986\" data-end=\"989\" \/><h4 data-start=\"991\" data-end=\"1018\">Responsabilit\u00e9s principales<\/h4><ul data-start=\"1019\" data-end=\"1681\"><li data-start=\"1019\" data-end=\"1112\"><p data-start=\"1021\" data-end=\"1112\">D\u00e9velopper des concepts cr\u00e9atifs et engageants en accord avec les objectifs et la voix des clients.<\/p><\/li><li data-start=\"1113\" data-end=\"1221\"><p data-start=\"1115\" data-end=\"1221\">R\u00e9diger des textes accrocheurs, l\u00e9gendes, et des descriptions d\u00e9taill\u00e9es pour posts, stories, reels et campagnes.<\/p><\/li><li data-start=\"1222\" data-end=\"1324\"><p data-start=\"1224\" data-end=\"1324\">Cr\u00e9er des briefs cr\u00e9atifs complets et des moodboards pour faciliter le travail de l\u2019\u00e9quipe design.<\/p><\/li><li data-start=\"1325\" data-end=\"1401\"><p data-start=\"1327\" data-end=\"1401\">Planifier, maintenir et g\u00e9rer les calendriers de publication sur les r\u00e9seaux sociaux.<\/p><\/li><li data-start=\"1402\" data-end=\"1490\"><p data-start=\"1404\" data-end=\"1490\">Surveiller l\u2019engagement de l\u2019audience et les retours, et ajuster la strat\u00e9gie de contenu en cons\u00e9quence.<\/p><\/li><li data-start=\"1491\" data-end=\"1587\"><p data-start=\"1493\" data-end=\"1587\">Travailler en \u00e9troite collaboration avec le Responsable Design pour assurer la coh\u00e9rence de la vision et de la marque.<\/p><\/li><li data-start=\"1588\" data-end=\"1681\"><p data-start=\"1590\" data-end=\"1681\">Suivre les performances des contenus sur les r\u00e9seaux sociaux et pr\u00e9parer des rapports simples avec des recommandations.<\/p><\/li><\/ul><hr data-start=\"1683\" data-end=\"1686\" \/><h4 data-start=\"1688\" data-end=\"1707\">Profil Recherch\u00e9<\/h4><ul data-start=\"1708\" data-end=\"2252\"><li data-start=\"1708\" data-end=\"1797\"><p data-start=\"1710\" data-end=\"1797\">Exp\u00e9rience confirm\u00e9e en cr\u00e9ation de contenu pour les r\u00e9seaux sociaux, r\u00e9daction ou strat\u00e9gie de contenu.<\/p><\/li><li data-start=\"1798\" data-end=\"1876\"><p data-start=\"1800\" data-end=\"1876\">Excellentes comp\u00e9tences en storytelling et r\u00e9daction adapt\u00e9es aux plateformes sociales.<\/p><\/li><li data-start=\"1877\" data-end=\"1947\"><p data-start=\"1879\" data-end=\"1947\">Capacit\u00e9 \u00e0 traduire des id\u00e9es en briefs cr\u00e9atifs clairs et exploitables.<\/p><\/li><li data-start=\"1948\" data-end=\"2029\"><p data-start=\"1950\" data-end=\"2029\">Bonne connaissance des r\u00e9seaux sociaux, des tendances et des comportements des audiences.<\/p><\/li><li data-start=\"2030\" data-end=\"2094\"><p data-start=\"2032\" data-end=\"2094\">Organis\u00e9(e) avec de bonnes comp\u00e9tences en gestion de projets et respect des deadlines.<\/p><\/li><li data-start=\"2095\" data-end=\"2187\"><p data-start=\"2097\" data-end=\"2187\">Esprit collaboratif et aptitude \u00e0 travailler en \u00e9quipe avec des designers et autres collaborateurs.<\/p><\/li><li data-start=\"2188\" data-end=\"2252\"><p data-start=\"2190\" data-end=\"2252\">Une connaissance basique des outils d\u2019analyse des r\u00e9seaux sociaux est un plus.<\/p><\/li><\/ul><hr data-start=\"2254\" data-end=\"2257\" \/><h4 data-start=\"2259\" data-end=\"2279\">Ce Que Nous Offrons<\/h4><ul data-start=\"2280\" data-end=\"2554\"><li data-start=\"2280\" data-end=\"2355\"><p data-start=\"2282\" data-end=\"2355\">Un poste au sein d\u2019une entreprise cr\u00e9ative en pleine croissance avec un esprit entrepreneurial.<\/p><\/li><li data-start=\"2356\" data-end=\"2406\"><p data-start=\"2358\" data-end=\"2406\">Horaires flexibles et possibilit\u00e9 de t\u00e9l\u00e9travail.<\/p><\/li><li data-start=\"2407\" data-end=\"2495\"><p data-start=\"2409\" data-end=\"2495\">Opportunit\u00e9 de fa\u00e7onner la strat\u00e9gie de contenu et de collaborer avec une \u00e9quipe design talentueuse.<\/p><\/li><li data-start=\"2496\" data-end=\"2554\"><p data-start=\"2498\" data-end=\"2554\">Environnement collaboratif, innovant et bienveillant.<\/p><\/li><\/ul><hr data-start=\"2556\" data-end=\"2559\" \/><p data-start=\"2561\" data-end=\"2723\"><strong data-start=\"2561\" data-end=\"2612\">Pr\u00eat(e) \u00e0 cr\u00e9er des histoires qui captivent et engagent ?<\/strong><br data-start=\"2612\" data-end=\"2615\" \/>Envoyez votre CV et portfolio (exemples de r\u00e9daction ou campagnes r\u00e9seaux sociaux) \u00e0 :<br data-start=\"2693\" data-end=\"2696\" \/>\ud83d\udce7 <strong data-start=\"2699\" data-end=\"2723\"><a class=\"cursor-pointer\" rel=\"noopener\" data-start=\"2701\" data-end=\"2721\">wiskomedia@gmail.com<\/a><\/strong><\/p>\t\t\t\t\t\t\t\t<\/div>\n\t\t\t\t<\/div>\n\t\t\t\t<\/div>\n\t\t\t\t\t<\/div>\n\t\t\t\t<\/div>\n\t\t\t\t<\/div>","protected":false},"excerpt":{"rendered":"<p>Jobs Social Media Content Manager Wisko Media is a creative media company specializing in brand design and social media management. We help businesses and creators amplify their voice and engage audiences through compelling digital storytelling and professional visual content. Job Description:\u00a0 Location: Remote \/ FlexibleType: Part-time \/ Full-time (depending on workload)Reports to: Wisko Media Producer [&hellip;]<\/p>\n","protected":false},"author":1,"featured_media":0,"parent":0,"menu_order":0,"comment_status":"closed","ping_status":"closed","template":"","meta":{"site-sidebar-layout":"no-sidebar","site-content-layout":"page-builder","ast-site-content-layout":"default","site-content-style":"default","site-sidebar-style":"default","ast-global-header-display":"","ast-banner-title-visibility":"","ast-main-header-display":"","ast-hfb-above-header-display":"","ast-hfb-below-header-display":"","ast-hfb-mobile-header-display":"","site-post-title":"disabled","ast-breadcrumbs-content":"","ast-featured-img":"disabled","footer-sml-layout":"","ast-disable-related-posts":"","theme-transparent-header-meta":"enabled","adv-header-id-meta":"","stick-header-meta":"","header-above-stick-meta":"","header-main-stick-meta":"","header-below-stick-meta":"","astra-migrate-meta-layouts":"default","ast-page-background-enabled":"default","ast-page-background-meta":{"desktop":{"background-color":"","background-image":"","background-repeat":"repeat","background-position":"center center","background-size":"auto","background-attachment":"scroll","background-type":"","background-media":"","overlay-type":"","overlay-color":"","overlay-opacity":"","overlay-gradient":""},"tablet":{"background-color":"","background-image":"","background-repeat":"repeat","background-position":"center center","background-size":"auto","background-attachment":"scroll","background-type":"","background-media":"","overlay-type":"","overlay-color":"","overlay-opacity":"","overlay-gradient":""},"mobile":{"background-color":"","background-image":"","background-repeat":"repeat","background-position":"center center","background-size":"auto","background-attachment":"scroll","background-type":"","background-media":"","overlay-type":"","overlay-color":"","overlay-opacity":"","overlay-gradient":""}},"ast-content-background-meta":{"desktop":{"background-color":"var(--ast-global-color-5)","background-image":"","background-repeat":"repeat","background-position":"center center","background-size":"auto","background-attachment":"scroll","background-type":"","background-media":"","overlay-type":"","overlay-color":"","overlay-opacity":"","overlay-gradient":""},"tablet":{"background-color":"var(--ast-global-color-5)","background-image":"","background-repeat":"repeat","background-position":"center center","background-size":"auto","background-attachment":"scroll","background-type":"","background-media":"","overlay-type":"","overlay-color":"","overlay-opacity":"","overlay-gradient":""},"mobile":{"background-color":"var(--ast-global-color-5)","background-image":"","background-repeat":"repeat","background-position":"center center","background-size":"auto","background-attachment":"scroll","background-type":"","background-media":"","overlay-type":"","overlay-color":"","overlay-opacity":"","overlay-gradient":""}},"footnotes":""},"class_list":["post-2994","page","type-page","status-publish","hentry"],"_links":{"self":[{"href":"https:\/\/services.wiskomedia.com\/fr\/wp-json\/wp\/v2\/pages\/2994","targetHints":{"allow":["GET"]}}],"collection":[{"href":"https:\/\/services.wiskomedia.com\/fr\/wp-json\/wp\/v2\/pages"}],"about":[{"href":"https:\/\/services.wiskomedia.com\/fr\/wp-json\/wp\/v2\/types\/page"}],"author":[{"embeddable":true,"href":"https:\/\/services.wiskomedia.com\/fr\/wp-json\/wp\/v2\/users\/1"}],"replies":[{"embeddable":true,"href":"https:\/\/services.wiskomedia.com\/fr\/wp-json\/wp\/v2\/comments?post=2994"}],"version-history":[{"count":22,"href":"https:\/\/services.wiskomedia.com\/fr\/wp-json\/wp\/v2\/pages\/2994\/revisions"}],"predecessor-version":[{"id":3018,"href":"https:\/\/services.wiskomedia.com\/fr\/wp-json\/wp\/v2\/pages\/2994\/revisions\/3018"}],"wp:attachment":[{"href":"https:\/\/services.wiskomedia.com\/fr\/wp-json\/wp\/v2\/media?parent=2994"}],"curies":[{"name":"wp","href":"https:\/\/api.w.org\/{rel}","templated":true}]}}