{"id":2786,"date":"2025-07-03T17:36:59","date_gmt":"2025-07-03T17:36:59","guid":{"rendered":"https:\/\/services.wiskomedia.com\/?page_id=2786"},"modified":"2025-07-04T01:08:45","modified_gmt":"2025-07-04T01:08:45","slug":"design","status":"publish","type":"page","link":"https:\/\/services.wiskomedia.com\/fr\/design\/","title":{"rendered":"Conception"},"content":{"rendered":"<div data-elementor-type=\"wp-post\" data-elementor-id=\"2786\" class=\"elementor elementor-2786\">\n\t\t\t\t<div class=\"elementor-element elementor-element-f0b3181 e-flex e-con-boxed elementor-invisible e-con e-parent\" data-id=\"f0b3181\" data-element_type=\"container\" data-e-type=\"container\" data-settings=\"{&quot;background_background&quot;:&quot;classic&quot;,&quot;animation&quot;:&quot;fadeIn&quot;}\">\n\t\t\t\t\t<div class=\"e-con-inner\">\n\t\t<div class=\"elementor-element elementor-element-b17abf7 e-con-full e-flex e-con e-child\" data-id=\"b17abf7\" data-element_type=\"container\" data-e-type=\"container\">\n\t\t\t\t<div class=\"elementor-element elementor-element-6878345 elementor-widget elementor-widget-heading\" data-id=\"6878345\" data-element_type=\"widget\" data-e-type=\"widget\" data-widget_type=\"heading.default\">\n\t\t\t\t<div class=\"elementor-widget-container\">\n\t\t\t\t\t<h1 class=\"elementor-heading-title elementor-size-default\">Conception <\/h1>\t\t\t\t<\/div>\n\t\t\t\t<\/div>\n\t\t\t\t<div class=\"elementor-element elementor-element-9341fe9 elementor-widget elementor-widget-heading\" data-id=\"9341fe9\" data-element_type=\"widget\" data-e-type=\"widget\" data-widget_type=\"heading.default\">\n\t\t\t\t<div class=\"elementor-widget-container\">\n\t\t\t\t\t<h4 class=\"elementor-heading-title elementor-size-default\">Services<\/h4>\t\t\t\t<\/div>\n\t\t\t\t<\/div>\n\t\t\t\t<div class=\"elementor-element elementor-element-3e7b7d8 elementor-widget elementor-widget-text-editor\" data-id=\"3e7b7d8\" data-element_type=\"widget\" data-e-type=\"widget\" data-widget_type=\"text-editor.default\">\n\t\t\t\t<div class=\"elementor-widget-container\">\n\t\t\t\t\t\t\t\t\t<p data-start=\"231\" data-end=\"566\">Chez Wisko Media, nous sommes sp\u00e9cialis\u00e9s dans la cr\u00e9ation de designs sur mesure qui donnent vie \u00e0 votre marque. Des flyers accrocheurs aux logos uniques, nous concevons des visuels qui refl\u00e8tent l\u2019identit\u00e9 de votre marque et vous aident \u00e0 faire forte impression en ligne. Laissez-nous vous aider \u00e0 vous d\u00e9marquer et \u00e0 toucher votre audience gr\u00e2ce \u00e0 des solutions de design professionnelles et personnalis\u00e9es.<\/p>\t\t\t\t\t\t\t\t<\/div>\n\t\t\t\t<\/div>\n\t\t\t\t<\/div>\n\t\t\t\t\t<\/div>\n\t\t\t\t<\/div>\n\t\t<div class=\"elementor-element elementor-element-57d9e8f e-flex e-con-boxed e-con e-parent\" data-id=\"57d9e8f\" data-element_type=\"container\" data-e-type=\"container\" data-settings=\"{&quot;background_background&quot;:&quot;classic&quot;}\">\n\t\t\t\t\t<div class=\"e-con-inner\">\n\t\t<div class=\"elementor-element elementor-element-ceb58e5 e-con-full e-flex e-con e-child\" data-id=\"ceb58e5\" data-element_type=\"container\" data-e-type=\"container\">\n\t\t<div class=\"elementor-element elementor-element-03404cf e-con-full e-flex e-con e-child\" data-id=\"03404cf\" data-element_type=\"container\" data-e-type=\"container\" data-settings=\"{&quot;background_background&quot;:&quot;classic&quot;}\">\n\t\t\t\t<div class=\"elementor-element elementor-element-1a34d1a elementor-widget-divider--view-line elementor-widget elementor-widget-divider\" data-id=\"1a34d1a\" data-element_type=\"widget\" data-e-type=\"widget\" data-widget_type=\"divider.default\">\n\t\t\t\t<div class=\"elementor-widget-container\">\n\t\t\t\t\t\t\t<div class=\"elementor-divider\">\n\t\t\t<span class=\"elementor-divider-separator\">\n\t\t\t\t\t\t<\/span>\n\t\t<\/div>\n\t\t\t\t\t\t<\/div>\n\t\t\t\t<\/div>\n\t\t\t\t<div class=\"elementor-element elementor-element-fea0c09 elementor-widget elementor-widget-heading\" data-id=\"fea0c09\" data-element_type=\"widget\" data-e-type=\"widget\" data-widget_type=\"heading.default\">\n\t\t\t\t<div class=\"elementor-widget-container\">\n\t\t\t\t\t<h3 class=\"elementor-heading-title elementor-size-default\">D\u00e9couverte Cr\u00e9ative<\/h3>\t\t\t\t<\/div>\n\t\t\t\t<\/div>\n\t\t\t\t<div class=\"elementor-element elementor-element-a4293c1 elementor-widget elementor-widget-text-editor\" data-id=\"a4293c1\" data-element_type=\"widget\" data-e-type=\"widget\" data-widget_type=\"text-editor.default\">\n\t\t\t\t<div class=\"elementor-widget-container\">\n\t\t\t\t\t\t\t\t\t<p>Nous commen\u00e7ons par une discussion approfondie sur votre entreprise, votre march\u00e9 et vos objectifs. Nous travaillons avec vous pour identifier le style et l\u2019identit\u00e9 visuelle qui repr\u00e9sentent le mieux votre marque.<\/p>\t\t\t\t\t\t\t\t<\/div>\n\t\t\t\t<\/div>\n\t\t\t\t<\/div>\n\t\t<div class=\"elementor-element elementor-element-cf29d52 e-con-full e-flex e-con e-child\" data-id=\"cf29d52\" data-element_type=\"container\" data-e-type=\"container\" data-settings=\"{&quot;background_background&quot;:&quot;classic&quot;}\">\n\t\t\t\t<div class=\"elementor-element elementor-element-10c144f elementor-widget-divider--view-line elementor-widget elementor-widget-divider\" data-id=\"10c144f\" data-element_type=\"widget\" data-e-type=\"widget\" data-widget_type=\"divider.default\">\n\t\t\t\t<div class=\"elementor-widget-container\">\n\t\t\t\t\t\t\t<div class=\"elementor-divider\">\n\t\t\t<span class=\"elementor-divider-separator\">\n\t\t\t\t\t\t<\/span>\n\t\t<\/div>\n\t\t\t\t\t\t<\/div>\n\t\t\t\t<\/div>\n\t\t\t\t<div class=\"elementor-element elementor-element-4b47812 elementor-widget elementor-widget-heading\" data-id=\"4b47812\" data-element_type=\"widget\" data-e-type=\"widget\" data-widget_type=\"heading.default\">\n\t\t\t\t<div class=\"elementor-widget-container\">\n\t\t\t\t\t<h3 class=\"elementor-heading-title elementor-size-default\">Exploration de Concept<\/h3>\t\t\t\t<\/div>\n\t\t\t\t<\/div>\n\t\t\t\t<div class=\"elementor-element elementor-element-1a62bc8 elementor-widget elementor-widget-text-editor\" data-id=\"1a62bc8\" data-element_type=\"widget\" data-e-type=\"widget\" data-widget_type=\"text-editor.default\">\n\t\t\t\t<div class=\"elementor-widget-container\">\n\t\t\t\t\t\t\t\t\t<p>Ensuite, nous vous aidons \u00e0 trouver des id\u00e9es de noms, de slogans et d\u2019orientations de design si vous partez de z\u00e9ro. Notre \u00e9quipe vous guide \u00e0 travers des planches d\u2019inspiration, des palettes de couleurs et des r\u00e9f\u00e9rences visuelles pour stimuler les bons choix.<\/p>\t\t\t\t\t\t\t\t<\/div>\n\t\t\t\t<\/div>\n\t\t\t\t<\/div>\n\t\t<div class=\"elementor-element elementor-element-1266668 e-con-full e-flex e-con e-child\" data-id=\"1266668\" data-element_type=\"container\" data-e-type=\"container\" data-settings=\"{&quot;background_background&quot;:&quot;classic&quot;}\">\n\t\t\t\t<div class=\"elementor-element elementor-element-8cf3350 elementor-widget-divider--view-line elementor-widget elementor-widget-divider\" data-id=\"8cf3350\" data-element_type=\"widget\" data-e-type=\"widget\" data-widget_type=\"divider.default\">\n\t\t\t\t<div class=\"elementor-widget-container\">\n\t\t\t\t\t\t\t<div class=\"elementor-divider\">\n\t\t\t<span class=\"elementor-divider-separator\">\n\t\t\t\t\t\t<\/span>\n\t\t<\/div>\n\t\t\t\t\t\t<\/div>\n\t\t\t\t<\/div>\n\t\t\t\t<div class=\"elementor-element elementor-element-3f3d1b4 elementor-widget elementor-widget-heading\" data-id=\"3f3d1b4\" data-element_type=\"widget\" data-e-type=\"widget\" data-widget_type=\"heading.default\">\n\t\t\t\t<div class=\"elementor-widget-container\">\n\t\t\t\t\t<h3 class=\"elementor-heading-title elementor-size-default\">Brouillon et Croquis<\/h3>\t\t\t\t<\/div>\n\t\t\t\t<\/div>\n\t\t\t\t<div class=\"elementor-element elementor-element-bf0f5ce elementor-widget elementor-widget-text-editor\" data-id=\"bf0f5ce\" data-element_type=\"widget\" data-e-type=\"widget\" data-widget_type=\"text-editor.default\">\n\t\t\t\t<div class=\"elementor-widget-container\">\n\t\t\t\t\t\t\t\t\t<p>Sur la base de nos recherches et de vos indications, nous d\u00e9veloppons des esquisses et des concepts de design initiaux \u2014 allant d\u2019id\u00e9es pr\u00e9liminaires de logos \u00e0 des maquettes de mise en page pour vos supports marketing.<\/p>\t\t\t\t\t\t\t\t<\/div>\n\t\t\t\t<\/div>\n\t\t\t\t<\/div>\n\t\t\t\t<\/div>\n\t\t\t\t\t<\/div>\n\t\t\t\t<\/div>\n\t\t<div class=\"elementor-element elementor-element-8e8e58c e-con-full e-flex e-con e-parent\" data-id=\"8e8e58c\" data-element_type=\"container\" data-e-type=\"container\">\n\t\t<div class=\"elementor-element elementor-element-a493308 e-con-full e-flex e-con e-child\" data-id=\"a493308\" data-element_type=\"container\" data-e-type=\"container\" data-settings=\"{&quot;background_background&quot;:&quot;classic&quot;}\">\n\t\t\t\t<div class=\"elementor-element elementor-element-175d9a7 elementor-widget elementor-widget-spacer\" data-id=\"175d9a7\" data-element_type=\"widget\" data-e-type=\"widget\" data-widget_type=\"spacer.default\">\n\t\t\t\t<div class=\"elementor-widget-container\">\n\t\t\t\t\t\t\t<div class=\"elementor-spacer\">\n\t\t\t<div class=\"elementor-spacer-inner\"><\/div>\n\t\t<\/div>\n\t\t\t\t\t\t<\/div>\n\t\t\t\t<\/div>\n\t\t\t\t<\/div>\n\t\t<div class=\"elementor-element elementor-element-bdfab81 e-con-full e-flex e-con e-child\" data-id=\"bdfab81\" data-element_type=\"container\" data-e-type=\"container\" data-settings=\"{&quot;background_background&quot;:&quot;classic&quot;}\">\n\t\t\t\t<div class=\"elementor-element elementor-element-ee3fca8 elementor-widget elementor-widget-heading\" data-id=\"ee3fca8\" data-element_type=\"widget\" data-e-type=\"widget\" data-widget_type=\"heading.default\">\n\t\t\t\t<div class=\"elementor-widget-container\">\n\t\t\t\t\t<h2 class=\"elementor-heading-title elementor-size-default\">Pourquoi choisir Wisko Media\u202f?<\/h2>\t\t\t\t<\/div>\n\t\t\t\t<\/div>\n\t\t\t\t<div class=\"elementor-element elementor-element-9d98c79 elementor-widget elementor-widget-text-editor\" data-id=\"9d98c79\" data-element_type=\"widget\" data-e-type=\"widget\" data-widget_type=\"text-editor.default\">\n\t\t\t\t<div class=\"elementor-widget-container\">\n\t\t\t\t\t\t\t\t\t<p>Chez Wisko Media, nous nous engageons \u00e0 offrir des services de haute qualit\u00e9 qui r\u00e9pondent \u00e0 vos besoins. Nous pla\u00e7ons la satisfaction du client au premier plan, en proposant des solutions sur mesure con\u00e7ues pour des r\u00e9sultats durables. Choisissez-nous pour un service fiable, innovant et d\u00e9vou\u00e9 \u00e0 chaque \u00e9tape.<\/p><p data-start=\"1891\" data-end=\"2116\">\u2705 Des designs sur mesure, professionnels et m\u00e9morables<br data-start=\"1936\" data-end=\"1939\" \/>\u2705 Un accompagnement complet, du concept aux fichiers finaux<br data-start=\"1981\" data-end=\"1984\" \/>\u2705 Une image de marque coh\u00e9rente sur tous vos supports<br data-start=\"2026\" data-end=\"2029\" \/>\u2705 Une \u00e9quipe de designers exp\u00e9riment\u00e9s et collaboratifs<br data-start=\"2069\" data-end=\"2072\" \/>\u2705 Des d\u00e9lais rapides avec une communication claire<\/p>\t\t\t\t\t\t\t\t<\/div>\n\t\t\t\t<\/div>\n\t\t\t\t<\/div>\n\t\t\t\t<\/div>\n\t\t<div class=\"elementor-element elementor-element-54c3575 e-flex e-con-boxed e-con e-parent\" data-id=\"54c3575\" data-element_type=\"container\" data-e-type=\"container\" data-settings=\"{&quot;background_background&quot;:&quot;classic&quot;}\">\n\t\t\t\t\t<div class=\"e-con-inner\">\n\t\t<div class=\"elementor-element elementor-element-f2f9baf e-con-full e-flex e-con e-child\" data-id=\"f2f9baf\" data-element_type=\"container\" data-e-type=\"container\">\n\t\t<div class=\"elementor-element elementor-element-0632774 e-con-full e-flex e-con e-child\" data-id=\"0632774\" data-element_type=\"container\" data-e-type=\"container\" data-settings=\"{&quot;background_background&quot;:&quot;classic&quot;}\">\n\t\t\t\t<div class=\"elementor-element elementor-element-d98ca05 elementor-widget-divider--view-line elementor-widget elementor-widget-divider\" data-id=\"d98ca05\" data-element_type=\"widget\" data-e-type=\"widget\" data-widget_type=\"divider.default\">\n\t\t\t\t<div class=\"elementor-widget-container\">\n\t\t\t\t\t\t\t<div class=\"elementor-divider\">\n\t\t\t<span class=\"elementor-divider-separator\">\n\t\t\t\t\t\t<\/span>\n\t\t<\/div>\n\t\t\t\t\t\t<\/div>\n\t\t\t\t<\/div>\n\t\t\t\t<div class=\"elementor-element elementor-element-f078ce5 elementor-widget elementor-widget-heading\" data-id=\"f078ce5\" data-element_type=\"widget\" data-e-type=\"widget\" data-widget_type=\"heading.default\">\n\t\t\t\t<div class=\"elementor-widget-container\">\n\t\t\t\t\t<h3 class=\"elementor-heading-title elementor-size-default\">Affinement du Design<\/h3>\t\t\t\t<\/div>\n\t\t\t\t<\/div>\n\t\t\t\t<div class=\"elementor-element elementor-element-5f3df2e elementor-widget elementor-widget-text-editor\" data-id=\"5f3df2e\" data-element_type=\"widget\" data-e-type=\"widget\" data-widget_type=\"text-editor.default\">\n\t\t\t\t<div class=\"elementor-widget-container\">\n\t\t\t\t\t\t\t\t\t<p>Nous vous pr\u00e9sentons des versions affin\u00e9es des id\u00e9es les plus fortes, recueillant vos retours pour peaufiner chaque \u00e9l\u00e9ment jusqu\u2019\u00e0 ce qu\u2019il corresponde parfaitement \u00e0 votre vision.<\/p>\t\t\t\t\t\t\t\t<\/div>\n\t\t\t\t<\/div>\n\t\t\t\t<\/div>\n\t\t<div class=\"elementor-element elementor-element-afc1ea0 e-con-full e-flex e-con e-child\" data-id=\"afc1ea0\" data-element_type=\"container\" data-e-type=\"container\" data-settings=\"{&quot;background_background&quot;:&quot;classic&quot;}\">\n\t\t\t\t<div class=\"elementor-element elementor-element-b3683a8 elementor-widget-divider--view-line elementor-widget elementor-widget-divider\" data-id=\"b3683a8\" data-element_type=\"widget\" data-e-type=\"widget\" data-widget_type=\"divider.default\">\n\t\t\t\t<div class=\"elementor-widget-container\">\n\t\t\t\t\t\t\t<div class=\"elementor-divider\">\n\t\t\t<span class=\"elementor-divider-separator\">\n\t\t\t\t\t\t<\/span>\n\t\t<\/div>\n\t\t\t\t\t\t<\/div>\n\t\t\t\t<\/div>\n\t\t\t\t<div class=\"elementor-element elementor-element-9546bd1 elementor-widget elementor-widget-heading\" data-id=\"9546bd1\" data-element_type=\"widget\" data-e-type=\"widget\" data-widget_type=\"heading.default\">\n\t\t\t\t<div class=\"elementor-widget-container\">\n\t\t\t\t\t<h3 class=\"elementor-heading-title elementor-size-default\">Production Finale<\/h3>\t\t\t\t<\/div>\n\t\t\t\t<\/div>\n\t\t\t\t<div class=\"elementor-element elementor-element-9008136 elementor-widget elementor-widget-text-editor\" data-id=\"9008136\" data-element_type=\"widget\" data-e-type=\"widget\" data-widget_type=\"text-editor.default\">\n\t\t\t\t<div class=\"elementor-widget-container\">\n\t\t\t\t\t\t\t\t\t<p>Une fois approuv\u00e9, nous pr\u00e9parons des fichiers de design professionnels et de haute qualit\u00e9 pour vos logos, flyers, publications sur les r\u00e9seaux sociaux, et tout autre support dont vous avez besoin \u2014 pr\u00eats \u00e0 \u00eatre utilis\u00e9s sur tous vos canaux num\u00e9riques et imprim\u00e9s.<\/p>\t\t\t\t\t\t\t\t<\/div>\n\t\t\t\t<\/div>\n\t\t\t\t<\/div>\n\t\t<div class=\"elementor-element elementor-element-c6aab58 e-con-full e-flex e-con e-child\" data-id=\"c6aab58\" data-element_type=\"container\" data-e-type=\"container\" data-settings=\"{&quot;background_background&quot;:&quot;classic&quot;}\">\n\t\t\t\t<div class=\"elementor-element elementor-element-fe97a75 elementor-widget-divider--view-line elementor-widget elementor-widget-divider\" data-id=\"fe97a75\" data-element_type=\"widget\" data-e-type=\"widget\" data-widget_type=\"divider.default\">\n\t\t\t\t<div class=\"elementor-widget-container\">\n\t\t\t\t\t\t\t<div class=\"elementor-divider\">\n\t\t\t<span class=\"elementor-divider-separator\">\n\t\t\t\t\t\t<\/span>\n\t\t<\/div>\n\t\t\t\t\t\t<\/div>\n\t\t\t\t<\/div>\n\t\t\t\t<div class=\"elementor-element elementor-element-3663341 elementor-widget elementor-widget-heading\" data-id=\"3663341\" data-element_type=\"widget\" data-e-type=\"widget\" data-widget_type=\"heading.default\">\n\t\t\t\t<div class=\"elementor-widget-container\">\n\t\t\t\t\t<h3 class=\"elementor-heading-title elementor-size-default\">Livraison Kit Marque<\/h3>\t\t\t\t<\/div>\n\t\t\t\t<\/div>\n\t\t\t\t<div class=\"elementor-element elementor-element-bfcef24 elementor-widget elementor-widget-text-editor\" data-id=\"bfcef24\" data-element_type=\"widget\" data-e-type=\"widget\" data-widget_type=\"text-editor.default\">\n\t\t\t\t<div class=\"elementor-widget-container\">\n\t\t\t\t\t\t\t\t\t<p>Pour assurer la coh\u00e9rence, nous fournissons un kit complet de branding comprenant votre logo final en plusieurs formats, des palettes de couleurs, des directives typographiques et d\u2019autres \u00e9l\u00e9ments visuels afin de maintenir la force et l\u2019unit\u00e9 de votre identit\u00e9 de marque.<\/p>\t\t\t\t\t\t\t\t<\/div>\n\t\t\t\t<\/div>\n\t\t\t\t<\/div>\n\t\t\t\t<\/div>\n\t\t\t\t\t<\/div>\n\t\t\t\t<\/div>\n\t\t<div class=\"elementor-element elementor-element-7ac126b e-flex e-con-boxed e-con e-parent\" data-id=\"7ac126b\" data-element_type=\"container\" data-e-type=\"container\" data-settings=\"{&quot;background_background&quot;:&quot;classic&quot;}\">\n\t\t\t\t\t<div class=\"e-con-inner\">\n\t\t<div class=\"elementor-element elementor-element-ab6b199 e-con-full e-flex e-con e-child\" data-id=\"ab6b199\" data-element_type=\"container\" data-e-type=\"container\" data-settings=\"{&quot;background_background&quot;:&quot;classic&quot;}\">\n\t\t<div class=\"elementor-element elementor-element-5f5f871 e-con-full e-flex e-con e-child\" data-id=\"5f5f871\" data-element_type=\"container\" data-e-type=\"container\">\n\t\t\t\t<div class=\"elementor-element elementor-element-000429e elementor-widget elementor-widget-heading\" data-id=\"000429e\" data-element_type=\"widget\" data-e-type=\"widget\" data-widget_type=\"heading.default\">\n\t\t\t\t<div class=\"elementor-widget-container\">\n\t\t\t\t\t<h2 class=\"elementor-heading-title elementor-size-default\">Comment Pouvons-Nous Vous Aider ?<\/h2>\t\t\t\t<\/div>\n\t\t\t\t<\/div>\n\t\t\t\t<div class=\"elementor-element elementor-element-b00b4fd elementor-widget elementor-widget-text-editor\" data-id=\"b00b4fd\" data-element_type=\"widget\" data-e-type=\"widget\" data-widget_type=\"text-editor.default\">\n\t\t\t\t<div class=\"elementor-widget-container\">\n\t\t\t\t\t\t\t\t\t<p class=\"\" data-start=\"67\" data-end=\"254\">Chez Wisko Media, nous concevons des sites web \u00e9l\u00e9gants, menons des campagnes de marketing num\u00e9rique intelligentes et g\u00e9rons du contenu engageant sur les r\u00e9seaux sociaux \u2014 le tout adapt\u00e9 pour d\u00e9velopper votre marque et renforcer votre connexion avec votre audience.<\/p>\t\t\t\t\t\t\t\t<\/div>\n\t\t\t\t<\/div>\n\t\t\t\t<div class=\"elementor-element elementor-element-1a81535 elementor-align-center elementor-widget elementor-widget-latepoint_book_button\" data-id=\"1a81535\" data-element_type=\"widget\" data-e-type=\"widget\" data-widget_type=\"latepoint_book_button.default\">\n\t\t\t\t<div class=\"elementor-widget-container\">\n\t\t\t\t\t<div class=\"latepoint-book-button-wrapper elementor-button-wrapper\"><a href=\"#\" class=\"latepoint-book-button os_trigger_booking elementor-button elementor-button-link elementor-size-sm\" data-hide-side-panel=\"no\" data-hide-summary=\"no\" >Prendre Rendez-Vous<\/a><\/div>\t\t\t\t<\/div>\n\t\t\t\t<\/div>\n\t\t\t\t<\/div>\n\t\t\t\t<\/div>\n\t\t<div class=\"elementor-element elementor-element-9bac326 e-con-full e-flex e-con e-child\" data-id=\"9bac326\" data-element_type=\"container\" data-e-type=\"container\" data-settings=\"{&quot;background_background&quot;:&quot;classic&quot;}\">\n\t\t<div class=\"elementor-element elementor-element-f0fa50e e-con-full e-flex e-con e-child\" data-id=\"f0fa50e\" data-element_type=\"container\" data-e-type=\"container\">\n\t\t\t\t<div class=\"elementor-element elementor-element-578e527 elementor-widget elementor-widget-heading\" data-id=\"578e527\" data-element_type=\"widget\" data-e-type=\"widget\" data-widget_type=\"heading.default\">\n\t\t\t\t<div class=\"elementor-widget-container\">\n\t\t\t\t\t<h3 class=\"elementor-heading-title elementor-size-default\">Voulez-vous d\u00e9marrer un projet avec nous ?<\/h3>\t\t\t\t<\/div>\n\t\t\t\t<\/div>\n\t\t\t\t<div class=\"elementor-element elementor-element-a558620 elementor-widget elementor-widget-text-editor\" data-id=\"a558620\" data-element_type=\"widget\" data-e-type=\"widget\" data-widget_type=\"text-editor.default\">\n\t\t\t\t<div class=\"elementor-widget-container\">\n\t\t\t\t\t\t\t\t\t<p>Une id\u00e9e audacieuse ou une \u00e9tincelle d'inspiration ? Transformons-la en quelque chose d'inoubliable \u2014 votre prochain grand projet commence ici.<\/p>\t\t\t\t\t\t\t\t<\/div>\n\t\t\t\t<\/div>\n\t\t\t\t<div class=\"elementor-element elementor-element-9166bcc elementor-align-center elementor-tablet-align-center elementor-widget elementor-widget-button\" data-id=\"9166bcc\" data-element_type=\"widget\" data-e-type=\"widget\" data-widget_type=\"button.default\">\n\t\t\t\t<div class=\"elementor-widget-container\">\n\t\t\t\t\t\t\t\t\t<div class=\"elementor-button-wrapper\">\n\t\t\t\t\t<a class=\"elementor-button elementor-button-link elementor-size-sm\" href=\"https:\/\/wiskomedia.com\/contact\/\" target=\"_blank\">\n\t\t\t\t\t\t<span class=\"elementor-button-content-wrapper\">\n\t\t\t\t\t\t\t\t\t<span class=\"elementor-button-text\">Contactez-Nous<\/span>\n\t\t\t\t\t<\/span>\n\t\t\t\t\t<\/a>\n\t\t\t\t<\/div>\n\t\t\t\t\t\t\t\t<\/div>\n\t\t\t\t<\/div>\n\t\t\t\t<\/div>\n\t\t\t\t<\/div>\n\t\t\t\t\t<\/div>\n\t\t\t\t<\/div>\n\t\t\t\t<\/div>","protected":false},"excerpt":{"rendered":"<p>Design Services At Wisko Media, we specialize in creating custom designs that bring your brand to life. From eye-catching flyers to unique logos, we craft visuals that reflect your brand\u2019s identity and help you make a strong impression online. Let us help you stand out and connect with your audience through professional, tailored design solutions. [&hellip;]<\/p>\n","protected":false},"author":1,"featured_media":0,"parent":0,"menu_order":0,"comment_status":"closed","ping_status":"closed","template":"","meta":{"site-sidebar-layout":"no-sidebar","site-content-layout":"page-builder","ast-site-content-layout":"default","site-content-style":"default","site-sidebar-style":"default","ast-global-header-display":"","ast-banner-title-visibility":"","ast-main-header-display":"","ast-hfb-above-header-display":"","ast-hfb-below-header-display":"","ast-hfb-mobile-header-display":"","site-post-title":"disabled","ast-breadcrumbs-content":"","ast-featured-img":"disabled","footer-sml-layout":"","ast-disable-related-posts":"","theme-transparent-header-meta":"enabled","adv-header-id-meta":"","stick-header-meta":"","header-above-stick-meta":"","header-main-stick-meta":"","header-below-stick-meta":"","astra-migrate-meta-layouts":"default","ast-page-background-enabled":"default","ast-page-background-meta":{"desktop":{"background-color":"","background-image":"","background-repeat":"repeat","background-position":"center center","background-size":"auto","background-attachment":"scroll","background-type":"","background-media":"","overlay-type":"","overlay-color":"","overlay-opacity":"","overlay-gradient":""},"tablet":{"background-color":"","background-image":"","background-repeat":"repeat","background-position":"center center","background-size":"auto","background-attachment":"scroll","background-type":"","background-media":"","overlay-type":"","overlay-color":"","overlay-opacity":"","overlay-gradient":""},"mobile":{"background-color":"","background-image":"","background-repeat":"repeat","background-position":"center center","background-size":"auto","background-attachment":"scroll","background-type":"","background-media":"","overlay-type":"","overlay-color":"","overlay-opacity":"","overlay-gradient":""}},"ast-content-background-meta":{"desktop":{"background-color":"var(--ast-global-color-5)","background-image":"","background-repeat":"repeat","background-position":"center center","background-size":"auto","background-attachment":"scroll","background-type":"","background-media":"","overlay-type":"","overlay-color":"","overlay-opacity":"","overlay-gradient":""},"tablet":{"background-color":"var(--ast-global-color-5)","background-image":"","background-repeat":"repeat","background-position":"center center","background-size":"auto","background-attachment":"scroll","background-type":"","background-media":"","overlay-type":"","overlay-color":"","overlay-opacity":"","overlay-gradient":""},"mobile":{"background-color":"var(--ast-global-color-5)","background-image":"","background-repeat":"repeat","background-position":"center center","background-size":"auto","background-attachment":"scroll","background-type":"","background-media":"","overlay-type":"","overlay-color":"","overlay-opacity":"","overlay-gradient":""}},"footnotes":""},"class_list":["post-2786","page","type-page","status-publish","hentry"],"_links":{"self":[{"href":"https:\/\/services.wiskomedia.com\/fr\/wp-json\/wp\/v2\/pages\/2786","targetHints":{"allow":["GET"]}}],"collection":[{"href":"https:\/\/services.wiskomedia.com\/fr\/wp-json\/wp\/v2\/pages"}],"about":[{"href":"https:\/\/services.wiskomedia.com\/fr\/wp-json\/wp\/v2\/types\/page"}],"author":[{"embeddable":true,"href":"https:\/\/services.wiskomedia.com\/fr\/wp-json\/wp\/v2\/users\/1"}],"replies":[{"embeddable":true,"href":"https:\/\/services.wiskomedia.com\/fr\/wp-json\/wp\/v2\/comments?post=2786"}],"version-history":[{"count":28,"href":"https:\/\/services.wiskomedia.com\/fr\/wp-json\/wp\/v2\/pages\/2786\/revisions"}],"predecessor-version":[{"id":2986,"href":"https:\/\/services.wiskomedia.com\/fr\/wp-json\/wp\/v2\/pages\/2786\/revisions\/2986"}],"wp:attachment":[{"href":"https:\/\/services.wiskomedia.com\/fr\/wp-json\/wp\/v2\/media?parent=2786"}],"curies":[{"name":"wp","href":"https:\/\/api.w.org\/{rel}","templated":true}]}}